{"id":2050,"date":"2025-02-10T17:15:35","date_gmt":"2025-02-10T20:15:35","guid":{"rendered":"https:\/\/www.omegaleather.com.br\/novosite\/?page_id=2050"},"modified":"2025-02-22T08:38:53","modified_gmt":"2025-02-22T11:38:53","slug":"certificacoes","status":"publish","type":"page","link":"https:\/\/www.omegaleather.com.br\/novosite\/certificacoes\/","title":{"rendered":"Certifica\u00e7\u00f5es"},"content":{"rendered":"\t\t<div data-elementor-type=\"wp-page\" data-elementor-id=\"2050\" class=\"elementor elementor-2050\" data-elementor-post-type=\"page\">\n\t\t\t\t\t\t<section class=\"elementor-section elementor-top-section elementor-element elementor-element-790176a8 elementor-section-content-middle elementor-section-boxed elementor-section-height-default elementor-section-height-default\" data-id=\"790176a8\" data-element_type=\"section\" data-settings=\"{&quot;background_background&quot;:&quot;classic&quot;}\">\n\t\t\t\t\t\t\t<div class=\"elementor-background-overlay\"><\/div>\n\t\t\t\t\t\t\t<div class=\"elementor-container elementor-column-gap-no\">\n\t\t\t\t\t<div class=\"elementor-column elementor-col-50 elementor-top-column elementor-element elementor-element-4adbbdf2\" data-id=\"4adbbdf2\" data-element_type=\"column\">\n\t\t\t<div class=\"elementor-widget-wrap elementor-element-populated\">\n\t\t\t\t\t\t\t<\/div>\n\t\t<\/div>\n\t\t\t\t<div class=\"elementor-column elementor-col-50 elementor-top-column elementor-element elementor-element-79af2215\" data-id=\"79af2215\" data-element_type=\"column\">\n\t\t\t<div class=\"elementor-widget-wrap elementor-element-populated\">\n\t\t\t\t\t\t<div class=\"elementor-element elementor-element-8f25126 elementor-icon-list--layout-inline elementor-widget__width-auto elementor-list-item-link-full_width elementor-widget elementor-widget-icon-list\" data-id=\"8f25126\" data-element_type=\"widget\" data-widget_type=\"icon-list.default\">\n\t\t\t\t<div class=\"elementor-widget-container\">\n\t\t\t\t\t\t\t<ul class=\"elementor-icon-list-items elementor-inline-items\">\n\t\t\t\t\t\t\t<li class=\"elementor-icon-list-item elementor-inline-item\">\n\t\t\t\t\t\t\t\t\t\t<span class=\"elementor-icon-list-text\">Home<\/span>\n\t\t\t\t\t\t\t\t\t<\/li>\n\t\t\t\t\t\t\t\t<li class=\"elementor-icon-list-item elementor-inline-item\">\n\t\t\t\t\t\t\t\t\t\t\t<span class=\"elementor-icon-list-icon\">\n\t\t\t\t\t\t\t<svg aria-hidden=\"true\" class=\"e-font-icon-svg e-fas-angle-right\" viewBox=\"0 0 256 512\" xmlns=\"http:\/\/www.w3.org\/2000\/svg\"><path d=\"M224.3 273l-136 136c-9.4 9.4-24.6 9.4-33.9 0l-22.6-22.6c-9.4-9.4-9.4-24.6 0-33.9l96.4-96.4-96.4-96.4c-9.4-9.4-9.4-24.6 0-33.9L54.3 103c9.4-9.4 24.6-9.4 33.9 0l136 136c9.5 9.4 9.5 24.6.1 34z\"><\/path><\/svg>\t\t\t\t\t\t<\/span>\n\t\t\t\t\t\t\t\t\t\t<span class=\"elementor-icon-list-text\"><\/span>\n\t\t\t\t\t\t\t\t\t<\/li>\n\t\t\t\t\t\t<\/ul>\n\t\t\t\t\t\t<\/div>\n\t\t\t\t<\/div>\n\t\t\t\t\t<\/div>\n\t\t<\/div>\n\t\t\t\t\t<\/div>\n\t\t<\/section>\n\t\t\t\t<section class=\"elementor-section elementor-top-section elementor-element elementor-element-7255121 elementor-section-boxed elementor-section-height-default elementor-section-height-default\" data-id=\"7255121\" data-element_type=\"section\">\n\t\t\t\t\t\t<div class=\"elementor-container elementor-column-gap-no\">\n\t\t\t\t\t<div class=\"elementor-column elementor-col-50 elementor-top-column elementor-element elementor-element-41a289c\" data-id=\"41a289c\" data-element_type=\"column\">\n\t\t\t<div class=\"elementor-widget-wrap elementor-element-populated\">\n\t\t\t\t\t\t<div class=\"elementor-element elementor-element-9baba52 elementor-invisible elementor-widget elementor-widget-heading\" data-id=\"9baba52\" data-element_type=\"widget\" data-settings=\"{&quot;_animation&quot;:&quot;fadeInUp&quot;}\" data-widget_type=\"heading.default\">\n\t\t\t\t<div class=\"elementor-widget-container\">\n\t\t\t\t\t<h2 class=\"elementor-heading-title elementor-size-default\">Compromisso com a qualidade e excel\u00eancia<\/h2>\t\t\t\t<\/div>\n\t\t\t\t<\/div>\n\t\t\t\t<div class=\"elementor-element elementor-element-4001bf0 elementor-widget__width-initial elementor-drop-cap-yes elementor-drop-cap-view-default elementor-widget elementor-widget-text-editor\" data-id=\"4001bf0\" data-element_type=\"widget\" data-settings=\"{&quot;drop_cap&quot;:&quot;yes&quot;}\" data-widget_type=\"text-editor.default\">\n\t\t\t\t<div class=\"elementor-widget-container\">\n\t\t\t\t\t\t\t\t\t<p>Nosso compromisso com a qualidade e a excele\u0302ncia e\u0301 refletido nas certificac\u0327o\u0303es que conquistamos.<\/p><p>A Omega Leather foi certificada pela <strong>IATF 16949:2016<\/strong>, a principal norma de controle de qualidade e processos da indu\u0301stria automotiva.<\/p><p>Ale\u0301m disso, obtivemos a certificac\u0327a\u0303o <strong>GOLD LWG (Leather Working Group) \u2013 OME103<\/strong>, que atesta nossa conformidade com os mais altos padro\u0303es ambientais, garantindo pra\u0301ticas sustenta\u0301veis na produc\u0327a\u0303o de couro.<\/p><p>Seguimos rigorosos padro\u0303es ambientais e operacionais, investindo continuamente na melhoria de nossos processos para oferecer couro de alto desempenho, sustenta\u0301vel e alinhado a\u0300s melhores pra\u0301ticas globais.<\/p>\t\t\t\t\t\t\t\t<\/div>\n\t\t\t\t<\/div>\n\t\t\t\t\t<\/div>\n\t\t<\/div>\n\t\t\t\t<div class=\"elementor-column elementor-col-50 elementor-top-column elementor-element elementor-element-c8539dd\" data-id=\"c8539dd\" data-element_type=\"column\">\n\t\t\t<div class=\"elementor-widget-wrap elementor-element-populated\">\n\t\t\t\t\t\t<div class=\"elementor-element elementor-element-c7470ce elementor-widget__width-initial elementor-invisible elementor-widget elementor-widget-image\" data-id=\"c7470ce\" data-element_type=\"widget\" data-settings=\"{&quot;_animation&quot;:&quot;fadeIn&quot;}\" data-widget_type=\"image.default\">\n\t\t\t\t<div class=\"elementor-widget-container\">\n\t\t\t\t\t\t\t\t\t\t\t\t\t\t\t<img fetchpriority=\"high\" decoding=\"async\" width=\"768\" height=\"984\" src=\"https:\/\/www.omegaleather.com.br\/novosite\/wp-content\/uploads\/2025\/02\/certificacao-768x984.jpg\" class=\"attachment-medium_large size-medium_large wp-image-2084\" alt=\"\" srcset=\"https:\/\/www.omegaleather.com.br\/novosite\/wp-content\/uploads\/2025\/02\/certificacao-768x984.jpg 768w, https:\/\/www.omegaleather.com.br\/novosite\/wp-content\/uploads\/2025\/02\/certificacao-234x300.jpg 234w, https:\/\/www.omegaleather.com.br\/novosite\/wp-content\/uploads\/2025\/02\/certificacao.jpg 800w\" sizes=\"(max-width: 768px) 100vw, 768px\" \/>\t\t\t\t\t\t\t\t\t\t\t\t\t\t\t<\/div>\n\t\t\t\t<\/div>\n\t\t\t\t\t<\/div>\n\t\t<\/div>\n\t\t\t\t\t<\/div>\n\t\t<\/section>\n\t\t\t\t<section class=\"elementor-section elementor-top-section elementor-element elementor-element-dd564a0 elementor-section-boxed elementor-section-height-default elementor-section-height-default\" data-id=\"dd564a0\" data-element_type=\"section\" id=\"more\" data-settings=\"{&quot;background_background&quot;:&quot;gradient&quot;}\">\n\t\t\t\t\t\t<div class=\"elementor-container elementor-column-gap-default\">\n\t\t\t\t\t<div class=\"elementor-column elementor-col-100 elementor-top-column elementor-element elementor-element-5044017\" data-id=\"5044017\" data-element_type=\"column\">\n\t\t\t<div class=\"elementor-widget-wrap elementor-element-populated\">\n\t\t\t\t\t\t<section class=\"elementor-section elementor-inner-section elementor-element elementor-element-6ceee66 elementor-section-boxed elementor-section-height-default elementor-section-height-default\" data-id=\"6ceee66\" data-element_type=\"section\">\n\t\t\t\t\t\t<div class=\"elementor-container elementor-column-gap-no\">\n\t\t\t\t\t<div class=\"elementor-column elementor-col-50 elementor-inner-column elementor-element elementor-element-c5820c4\" data-id=\"c5820c4\" data-element_type=\"column\">\n\t\t\t<div class=\"elementor-widget-wrap elementor-element-populated\">\n\t\t\t\t\t\t<div class=\"elementor-element elementor-element-cf7d4d0 elementor-widget__width-initial elementor-widget elementor-widget-heading\" data-id=\"cf7d4d0\" data-element_type=\"widget\" data-widget_type=\"heading.default\">\n\t\t\t\t<div class=\"elementor-widget-container\">\n\t\t\t\t\t<div class=\"elementor-heading-title elementor-size-default\">ABS QUALITY EVALUATIONS<\/div>\t\t\t\t<\/div>\n\t\t\t\t<\/div>\n\t\t\t\t<div class=\"elementor-element elementor-element-63630cf elementor-position-left elementor-vertical-align-top elementor-widget elementor-widget-image-box\" data-id=\"63630cf\" data-element_type=\"widget\" data-widget_type=\"image-box.default\">\n\t\t\t\t<div class=\"elementor-widget-container\">\n\t\t\t\t\t<div class=\"elementor-image-box-wrapper\"><figure class=\"elementor-image-box-img\"><img decoding=\"async\" width=\"791\" height=\"1024\" src=\"https:\/\/www.omegaleather.com.br\/novosite\/wp-content\/uploads\/2025\/02\/iatf.png\" class=\"attachment-full size-full wp-image-2070\" alt=\"\" srcset=\"https:\/\/www.omegaleather.com.br\/novosite\/wp-content\/uploads\/2025\/02\/iatf.png 791w, https:\/\/www.omegaleather.com.br\/novosite\/wp-content\/uploads\/2025\/02\/iatf-232x300.png 232w, https:\/\/www.omegaleather.com.br\/novosite\/wp-content\/uploads\/2025\/02\/iatf-768x994.png 768w\" sizes=\"(max-width: 791px) 100vw, 791px\" \/><\/figure><div class=\"elementor-image-box-content\"><h3 class=\"elementor-image-box-title\">IATF 16949<\/h3><p class=\"elementor-image-box-description\">A IATF 16949 enfatiza o desenvolvimento de um sistema de gerenciamento da qualidade orientado para o processo para melhoria cont\u00ednua, preven\u00e7\u00e3o de defeitos e redu\u00e7\u00e3o de res\u00edduos para organiza\u00e7\u00f5es que fabricam componentes, assembl\u00e9ias e pe\u00e7as para a ind\u00fastria automotiva.<\/p><\/div><\/div>\t\t\t\t<\/div>\n\t\t\t\t<\/div>\n\t\t\t\t\t<\/div>\n\t\t<\/div>\n\t\t\t\t<div class=\"elementor-column elementor-col-50 elementor-inner-column elementor-element elementor-element-09ee60f\" data-id=\"09ee60f\" data-element_type=\"column\">\n\t\t\t<div class=\"elementor-widget-wrap elementor-element-populated\">\n\t\t\t\t\t\t<div class=\"elementor-element elementor-element-9d7d7f1 elementor-widget__width-initial elementor-widget elementor-widget-heading\" data-id=\"9d7d7f1\" data-element_type=\"widget\" data-widget_type=\"heading.default\">\n\t\t\t\t<div class=\"elementor-widget-container\">\n\t\t\t\t\t<div class=\"elementor-heading-title elementor-size-default\">GOLD LWG (Leather Working Group)<\/div>\t\t\t\t<\/div>\n\t\t\t\t<\/div>\n\t\t\t\t<div class=\"elementor-element elementor-element-5f315d3 elementor-position-left elementor-vertical-align-top elementor-widget elementor-widget-image-box\" data-id=\"5f315d3\" data-element_type=\"widget\" data-widget_type=\"image-box.default\">\n\t\t\t\t<div class=\"elementor-widget-container\">\n\t\t\t\t\t<div class=\"elementor-image-box-wrapper\"><figure class=\"elementor-image-box-img\"><img decoding=\"async\" width=\"791\" height=\"1024\" src=\"https:\/\/www.omegaleather.com.br\/novosite\/wp-content\/uploads\/2025\/02\/lgw-1.jpg\" class=\"attachment-full size-full wp-image-2107\" alt=\"\" srcset=\"https:\/\/www.omegaleather.com.br\/novosite\/wp-content\/uploads\/2025\/02\/lgw-1.jpg 791w, https:\/\/www.omegaleather.com.br\/novosite\/wp-content\/uploads\/2025\/02\/lgw-1-232x300.jpg 232w, https:\/\/www.omegaleather.com.br\/novosite\/wp-content\/uploads\/2025\/02\/lgw-1-768x994.jpg 768w\" sizes=\"(max-width: 791px) 100vw, 791px\" \/><\/figure><div class=\"elementor-image-box-content\"><h3 class=\"elementor-image-box-title\">OME103<\/h3><p class=\"elementor-image-box-description\">Reconhecimento de prest\u00edgio concedido a empresas do setor de couro que adotam pr\u00e1ticas sustent\u00e1veis e gest\u00e3o ambiental exemplar em seus processos. A LWG audita e certifica empresas com base em crit\u00e9rios rigorosos, como uso de energia e \u00e1gua, gest\u00e3o de res\u00edduos e manuseio de qu\u00edmicos.<\/p><\/div><\/div>\t\t\t\t<\/div>\n\t\t\t\t<\/div>\n\t\t\t\t\t<\/div>\n\t\t<\/div>\n\t\t\t\t\t<\/div>\n\t\t<\/section>\n\t\t\t\t\t<\/div>\n\t\t<\/div>\n\t\t\t\t\t<\/div>\n\t\t<\/section>\n\t\t\t\t<\/div>\n\t\t","protected":false},"excerpt":{"rendered":"<p>Home Compromisso com a qualidade e excel\u00eancia Nosso compromisso com a qualidade e a excele\u0302ncia e\u0301 refletido nas certificac\u0327o\u0303es que conquistamos. A Omega Leather foi certificada pela IATF 16949:2016, a principal norma de controle de qualidade e processos da indu\u0301stria automotiva. Ale\u0301m disso, obtivemos a certificac\u0327a\u0303o GOLD LWG (Leather Working Group) \u2013 OME103, que atesta [&hellip;]<\/p>\n","protected":false},"author":1,"featured_media":0,"parent":0,"menu_order":0,"comment_status":"closed","ping_status":"closed","template":"elementor_header_footer","meta":{"footnotes":""},"class_list":["post-2050","page","type-page","status-publish","hentry"],"_links":{"self":[{"href":"https:\/\/www.omegaleather.com.br\/novosite\/wp-json\/wp\/v2\/pages\/2050","targetHints":{"allow":["GET"]}}],"collection":[{"href":"https:\/\/www.omegaleather.com.br\/novosite\/wp-json\/wp\/v2\/pages"}],"about":[{"href":"https:\/\/www.omegaleather.com.br\/novosite\/wp-json\/wp\/v2\/types\/page"}],"author":[{"embeddable":true,"href":"https:\/\/www.omegaleather.com.br\/novosite\/wp-json\/wp\/v2\/users\/1"}],"replies":[{"embeddable":true,"href":"https:\/\/www.omegaleather.com.br\/novosite\/wp-json\/wp\/v2\/comments?post=2050"}],"version-history":[{"count":100,"href":"https:\/\/www.omegaleather.com.br\/novosite\/wp-json\/wp\/v2\/pages\/2050\/revisions"}],"predecessor-version":[{"id":3383,"href":"https:\/\/www.omegaleather.com.br\/novosite\/wp-json\/wp\/v2\/pages\/2050\/revisions\/3383"}],"wp:attachment":[{"href":"https:\/\/www.omegaleather.com.br\/novosite\/wp-json\/wp\/v2\/media?parent=2050"}],"curies":[{"name":"wp","href":"https:\/\/api.w.org\/{rel}","templated":true}]}}