{"id":2216,"date":"2025-02-10T18:55:20","date_gmt":"2025-02-10T21:55:20","guid":{"rendered":"https:\/\/www.omegaleather.com.br\/novosite\/?page_id=2216"},"modified":"2025-02-11T09:45:58","modified_gmt":"2025-02-11T12:45:58","slug":"blog-en","status":"publish","type":"page","link":"https:\/\/www.omegaleather.com.br\/novosite\/en\/blog-en\/","title":{"rendered":"Blog"},"content":{"rendered":"\t\t<div data-elementor-type=\"wp-page\" data-elementor-id=\"2216\" class=\"elementor elementor-2216\" data-elementor-post-type=\"page\">\n\t\t\t\t\t\t<section class=\"elementor-section elementor-top-section elementor-element elementor-element-790176a8 elementor-section-content-middle elementor-section-boxed elementor-section-height-default elementor-section-height-default\" data-id=\"790176a8\" data-element_type=\"section\" data-settings=\"{&quot;background_background&quot;:&quot;classic&quot;}\">\n\t\t\t\t\t\t\t<div class=\"elementor-background-overlay\"><\/div>\n\t\t\t\t\t\t\t<div class=\"elementor-container elementor-column-gap-no\">\n\t\t\t\t\t<div class=\"elementor-column elementor-col-50 elementor-top-column elementor-element elementor-element-4adbbdf2\" data-id=\"4adbbdf2\" data-element_type=\"column\">\n\t\t\t<div class=\"elementor-widget-wrap elementor-element-populated\">\n\t\t\t\t\t\t\t<\/div>\n\t\t<\/div>\n\t\t\t\t<div class=\"elementor-column elementor-col-50 elementor-top-column elementor-element elementor-element-79af2215\" data-id=\"79af2215\" data-element_type=\"column\">\n\t\t\t<div class=\"elementor-widget-wrap elementor-element-populated\">\n\t\t\t\t\t\t<div class=\"elementor-element elementor-element-8f25126 elementor-icon-list--layout-inline elementor-widget__width-auto elementor-list-item-link-full_width elementor-widget elementor-widget-icon-list\" data-id=\"8f25126\" data-element_type=\"widget\" data-widget_type=\"icon-list.default\">\n\t\t\t\t<div class=\"elementor-widget-container\">\n\t\t\t\t\t\t\t<ul class=\"elementor-icon-list-items elementor-inline-items\">\n\t\t\t\t\t\t\t<li class=\"elementor-icon-list-item elementor-inline-item\">\n\t\t\t\t\t\t\t\t\t\t<span class=\"elementor-icon-list-text\">Home<\/span>\n\t\t\t\t\t\t\t\t\t<\/li>\n\t\t\t\t\t\t\t\t<li class=\"elementor-icon-list-item elementor-inline-item\">\n\t\t\t\t\t\t\t\t\t\t\t<span class=\"elementor-icon-list-icon\">\n\t\t\t\t\t\t\t<svg aria-hidden=\"true\" class=\"e-font-icon-svg e-fas-angle-right\" viewBox=\"0 0 256 512\" xmlns=\"http:\/\/www.w3.org\/2000\/svg\"><path d=\"M224.3 273l-136 136c-9.4 9.4-24.6 9.4-33.9 0l-22.6-22.6c-9.4-9.4-9.4-24.6 0-33.9l96.4-96.4-96.4-96.4c-9.4-9.4-9.4-24.6 0-33.9L54.3 103c9.4-9.4 24.6-9.4 33.9 0l136 136c9.5 9.4 9.5 24.6.1 34z\"><\/path><\/svg>\t\t\t\t\t\t<\/span>\n\t\t\t\t\t\t\t\t\t\t<span class=\"elementor-icon-list-text\"><\/span>\n\t\t\t\t\t\t\t\t\t<\/li>\n\t\t\t\t\t\t<\/ul>\n\t\t\t\t\t\t<\/div>\n\t\t\t\t<\/div>\n\t\t\t\t\t<\/div>\n\t\t<\/div>\n\t\t\t\t\t<\/div>\n\t\t<\/section>\n\t\t\t\t<section class=\"elementor-section elementor-top-section elementor-element elementor-element-5cff5512 elementor-section-boxed elementor-section-height-default elementor-section-height-default\" data-id=\"5cff5512\" data-element_type=\"section\" data-settings=\"{&quot;background_background&quot;:&quot;classic&quot;}\">\n\t\t\t\t\t\t<div class=\"elementor-container elementor-column-gap-no\">\n\t\t\t\t\t<div class=\"elementor-column elementor-col-100 elementor-top-column elementor-element elementor-element-1874ba74\" data-id=\"1874ba74\" data-element_type=\"column\">\n\t\t\t<div class=\"elementor-widget-wrap elementor-element-populated\">\n\t\t\t\t\t\t<div class=\"elementor-element elementor-element-2e66a5c0 elementor-posts--align-center elementor-grid-tablet-3 elementor-grid-3 elementor-grid-mobile-1 elementor-posts--thumbnail-top elementor-widget elementor-widget-posts\" data-id=\"2e66a5c0\" data-element_type=\"widget\" data-settings=\"{&quot;classic_row_gap&quot;:{&quot;unit&quot;:&quot;px&quot;,&quot;size&quot;:&quot;30&quot;,&quot;sizes&quot;:[]},&quot;classic_columns_tablet&quot;:&quot;3&quot;,&quot;classic_row_gap_tablet&quot;:{&quot;unit&quot;:&quot;px&quot;,&quot;size&quot;:&quot;20&quot;,&quot;sizes&quot;:[]},&quot;classic_columns&quot;:&quot;3&quot;,&quot;classic_columns_mobile&quot;:&quot;1&quot;,&quot;classic_row_gap_mobile&quot;:{&quot;unit&quot;:&quot;px&quot;,&quot;size&quot;:&quot;&quot;,&quot;sizes&quot;:[]}}\" data-widget_type=\"posts.classic\">\n\t\t\t\t<div class=\"elementor-widget-container\">\n\t\t\t\t\t\t\t<div class=\"elementor-posts-container elementor-posts elementor-posts--skin-classic elementor-grid\">\n\t\t\t\t<article class=\"elementor-post elementor-grid-item post-2236 post type-post status-publish format-standard has-post-thumbnail hentry category-blog-en\">\n\t\t\t\t<a class=\"elementor-post__thumbnail__link\" href=\"https:\/\/www.omegaleather.com.br\/novosite\/en\/the-market-offers-different-types-of-leather\/\" tabindex=\"-1\" >\n\t\t\t<div class=\"elementor-post__thumbnail\"><img fetchpriority=\"high\" decoding=\"async\" width=\"768\" height=\"670\" src=\"https:\/\/www.omegaleather.com.br\/novosite\/wp-content\/uploads\/2024\/12\/DSC06019-v2-1-768x670.webp\" class=\"attachment-medium_large size-medium_large wp-image-478\" alt=\"\" srcset=\"https:\/\/www.omegaleather.com.br\/novosite\/wp-content\/uploads\/2024\/12\/DSC06019-v2-1-768x670.webp 768w, https:\/\/www.omegaleather.com.br\/novosite\/wp-content\/uploads\/2024\/12\/DSC06019-v2-1-300x262.webp 300w, https:\/\/www.omegaleather.com.br\/novosite\/wp-content\/uploads\/2024\/12\/DSC06019-v2-1-1024x894.webp 1024w, https:\/\/www.omegaleather.com.br\/novosite\/wp-content\/uploads\/2024\/12\/DSC06019-v2-1-1536x1340.webp 1536w, https:\/\/www.omegaleather.com.br\/novosite\/wp-content\/uploads\/2024\/12\/DSC06019-v2-1.webp 1555w\" sizes=\"(max-width: 768px) 100vw, 768px\" \/><\/div>\n\t\t<\/a>\n\t\t\t\t<div class=\"elementor-post__text\">\n\t\t\t\t<h6 class=\"elementor-post__title\">\n\t\t\t<a href=\"https:\/\/www.omegaleather.com.br\/novosite\/en\/the-market-offers-different-types-of-leather\/\" >\n\t\t\t\tThe market offers different types of leather\t\t\t<\/a>\n\t\t<\/h6>\n\t\t\t\t<div class=\"elementor-post__excerpt\">\n\t\t\t<p>A smart choice for those seeking a durable, comfortable, and elegant product.<\/p>\n\t\t<\/div>\n\t\t\t\t\t<div class=\"elementor-post__read-more-wrapper\">\n\t\t\n\t\t<a class=\"elementor-post__read-more\" href=\"https:\/\/www.omegaleather.com.br\/novosite\/en\/the-market-offers-different-types-of-leather\/\" aria-label=\"Read more about The market offers different types of leather\" tabindex=\"-1\" >\n\t\t\tLeia mais \u00bb\t\t<\/a>\n\n\t\t\t\t\t<\/div>\n\t\t\t\t<\/div>\n\t\t\t\t<\/article>\n\t\t\t\t<article class=\"elementor-post elementor-grid-item post-2224 post type-post status-publish format-standard has-post-thumbnail hentry category-blog-en\">\n\t\t\t\t<a class=\"elementor-post__thumbnail__link\" href=\"https:\/\/www.omegaleather.com.br\/novosite\/en\/as-vantagens-e-beneficios-do-couro-natural-2\/\" tabindex=\"-1\" >\n\t\t\t<div class=\"elementor-post__thumbnail\"><img decoding=\"async\" width=\"500\" height=\"500\" src=\"https:\/\/www.omegaleather.com.br\/novosite\/wp-content\/uploads\/2024\/12\/contact.jpg\" class=\"attachment-medium_large size-medium_large wp-image-1149\" alt=\"\" srcset=\"https:\/\/www.omegaleather.com.br\/novosite\/wp-content\/uploads\/2024\/12\/contact.jpg 500w, https:\/\/www.omegaleather.com.br\/novosite\/wp-content\/uploads\/2024\/12\/contact-300x300.jpg 300w, https:\/\/www.omegaleather.com.br\/novosite\/wp-content\/uploads\/2024\/12\/contact-150x150.jpg 150w\" sizes=\"(max-width: 500px) 100vw, 500px\" \/><\/div>\n\t\t<\/a>\n\t\t\t\t<div class=\"elementor-post__text\">\n\t\t\t\t<h6 class=\"elementor-post__title\">\n\t\t\t<a href=\"https:\/\/www.omegaleather.com.br\/novosite\/en\/as-vantagens-e-beneficios-do-couro-natural-2\/\" >\n\t\t\t\tThe Advantages and Benefits of Natural Leather\t\t\t<\/a>\n\t\t<\/h6>\n\t\t\t\t<div class=\"elementor-post__excerpt\">\n\t\t\t<p>Natural leather is a material that has endured through the centuries without losing its relevance.<\/p>\n\t\t<\/div>\n\t\t\t\t\t<div class=\"elementor-post__read-more-wrapper\">\n\t\t\n\t\t<a class=\"elementor-post__read-more\" href=\"https:\/\/www.omegaleather.com.br\/novosite\/en\/as-vantagens-e-beneficios-do-couro-natural-2\/\" aria-label=\"Read more about The Advantages and Benefits of Natural Leather\" tabindex=\"-1\" >\n\t\t\tLeia mais \u00bb\t\t<\/a>\n\n\t\t\t\t\t<\/div>\n\t\t\t\t<\/div>\n\t\t\t\t<\/article>\n\t\t\t\t<article class=\"elementor-post elementor-grid-item post-2220 post type-post status-publish format-standard has-post-thumbnail hentry category-blog-en\">\n\t\t\t\t<a class=\"elementor-post__thumbnail__link\" href=\"https:\/\/www.omegaleather.com.br\/novosite\/en\/elegance-and-durability-of-leather-furniture\/\" tabindex=\"-1\" >\n\t\t\t<div class=\"elementor-post__thumbnail\"><img decoding=\"async\" width=\"360\" height=\"500\" src=\"https:\/\/www.omegaleather.com.br\/novosite\/wp-content\/uploads\/2024\/12\/furniture.jpg\" class=\"attachment-medium_large size-medium_large wp-image-758\" alt=\"\" srcset=\"https:\/\/www.omegaleather.com.br\/novosite\/wp-content\/uploads\/2024\/12\/furniture.jpg 360w, https:\/\/www.omegaleather.com.br\/novosite\/wp-content\/uploads\/2024\/12\/furniture-216x300.jpg 216w\" sizes=\"(max-width: 360px) 100vw, 360px\" \/><\/div>\n\t\t<\/a>\n\t\t\t\t<div class=\"elementor-post__text\">\n\t\t\t\t<h6 class=\"elementor-post__title\">\n\t\t\t<a href=\"https:\/\/www.omegaleather.com.br\/novosite\/en\/elegance-and-durability-of-leather-furniture\/\" >\n\t\t\t\tElegance and Durability of Leather Furniture\t\t\t<\/a>\n\t\t<\/h6>\n\t\t\t\t<div class=\"elementor-post__excerpt\">\n\t\t\t<p>Leather upholstery is synonymous with sophistication, durability, and comfort.<\/p>\n\t\t<\/div>\n\t\t\t\t\t<div class=\"elementor-post__read-more-wrapper\">\n\t\t\n\t\t<a class=\"elementor-post__read-more\" href=\"https:\/\/www.omegaleather.com.br\/novosite\/en\/elegance-and-durability-of-leather-furniture\/\" aria-label=\"Read more about Elegance and Durability of Leather Furniture\" tabindex=\"-1\" >\n\t\t\tLeia mais \u00bb\t\t<\/a>\n\n\t\t\t\t\t<\/div>\n\t\t\t\t<\/div>\n\t\t\t\t<\/article>\n\t\t\t\t<article class=\"elementor-post elementor-grid-item post-1276 post type-post status-publish format-standard has-post-thumbnail hentry category-blog\">\n\t\t\t\t<a class=\"elementor-post__thumbnail__link\" href=\"https:\/\/www.omegaleather.com.br\/novosite\/a-elegancia-e-durabilidade-dos-moveis-com-revestimento-em-couro\/\" tabindex=\"-1\" >\n\t\t\t<div class=\"elementor-post__thumbnail\"><img decoding=\"async\" width=\"360\" height=\"500\" src=\"https:\/\/www.omegaleather.com.br\/novosite\/wp-content\/uploads\/2024\/12\/furniture.jpg\" class=\"attachment-medium_large size-medium_large wp-image-758\" alt=\"\" srcset=\"https:\/\/www.omegaleather.com.br\/novosite\/wp-content\/uploads\/2024\/12\/furniture.jpg 360w, https:\/\/www.omegaleather.com.br\/novosite\/wp-content\/uploads\/2024\/12\/furniture-216x300.jpg 216w\" sizes=\"(max-width: 360px) 100vw, 360px\" \/><\/div>\n\t\t<\/a>\n\t\t\t\t<div class=\"elementor-post__text\">\n\t\t\t\t<h6 class=\"elementor-post__title\">\n\t\t\t<a href=\"https:\/\/www.omegaleather.com.br\/novosite\/a-elegancia-e-durabilidade-dos-moveis-com-revestimento-em-couro\/\" >\n\t\t\t\tEleg\u00e2ncia e durabilidade dos m\u00f3veis em couro\t\t\t<\/a>\n\t\t<\/h6>\n\t\t\t\t<div class=\"elementor-post__excerpt\">\n\t\t\t<p>O revestimento em couro \u00e9 sin\u00f4nimo de sofistica\u00e7\u00e3o, durabilidade e conforto.<\/p>\n\t\t<\/div>\n\t\t\t\t\t<div class=\"elementor-post__read-more-wrapper\">\n\t\t\n\t\t<a class=\"elementor-post__read-more\" href=\"https:\/\/www.omegaleather.com.br\/novosite\/a-elegancia-e-durabilidade-dos-moveis-com-revestimento-em-couro\/\" aria-label=\"Read more about Eleg\u00e2ncia e durabilidade dos m\u00f3veis em couro\" tabindex=\"-1\" >\n\t\t\tLeia mais \u00bb\t\t<\/a>\n\n\t\t\t\t\t<\/div>\n\t\t\t\t<\/div>\n\t\t\t\t<\/article>\n\t\t\t\t<article class=\"elementor-post elementor-grid-item post-1270 post type-post status-publish format-standard has-post-thumbnail hentry category-blog\">\n\t\t\t\t<a class=\"elementor-post__thumbnail__link\" href=\"https:\/\/www.omegaleather.com.br\/novosite\/as-vantagens-e-beneficios-do-couro-natural\/\" tabindex=\"-1\" >\n\t\t\t<div class=\"elementor-post__thumbnail\"><img decoding=\"async\" width=\"500\" height=\"500\" src=\"https:\/\/www.omegaleather.com.br\/novosite\/wp-content\/uploads\/2024\/12\/contact.jpg\" class=\"attachment-medium_large size-medium_large wp-image-1149\" alt=\"\" srcset=\"https:\/\/www.omegaleather.com.br\/novosite\/wp-content\/uploads\/2024\/12\/contact.jpg 500w, https:\/\/www.omegaleather.com.br\/novosite\/wp-content\/uploads\/2024\/12\/contact-300x300.jpg 300w, https:\/\/www.omegaleather.com.br\/novosite\/wp-content\/uploads\/2024\/12\/contact-150x150.jpg 150w\" sizes=\"(max-width: 500px) 100vw, 500px\" \/><\/div>\n\t\t<\/a>\n\t\t\t\t<div class=\"elementor-post__text\">\n\t\t\t\t<h6 class=\"elementor-post__title\">\n\t\t\t<a href=\"https:\/\/www.omegaleather.com.br\/novosite\/as-vantagens-e-beneficios-do-couro-natural\/\" >\n\t\t\t\tAs vantagens e benef\u00edcios do couro natural\t\t\t<\/a>\n\t\t<\/h6>\n\t\t\t\t<div class=\"elementor-post__excerpt\">\n\t\t\t<p>O couro natural \u00e9 um material que atravessou s\u00e9culos sem perder sua relev\u00e2ncia.<\/p>\n\t\t<\/div>\n\t\t\t\t\t<div class=\"elementor-post__read-more-wrapper\">\n\t\t\n\t\t<a class=\"elementor-post__read-more\" href=\"https:\/\/www.omegaleather.com.br\/novosite\/as-vantagens-e-beneficios-do-couro-natural\/\" aria-label=\"Read more about As vantagens e benef\u00edcios do couro natural\" tabindex=\"-1\" >\n\t\t\tLeia mais \u00bb\t\t<\/a>\n\n\t\t\t\t\t<\/div>\n\t\t\t\t<\/div>\n\t\t\t\t<\/article>\n\t\t\t\t<article class=\"elementor-post elementor-grid-item post-1 post type-post status-publish format-standard has-post-thumbnail hentry category-blog\">\n\t\t\t\t<a class=\"elementor-post__thumbnail__link\" href=\"https:\/\/www.omegaleather.com.br\/novosite\/ola-mundo\/\" tabindex=\"-1\" >\n\t\t\t<div class=\"elementor-post__thumbnail\"><img fetchpriority=\"high\" decoding=\"async\" width=\"768\" height=\"670\" src=\"https:\/\/www.omegaleather.com.br\/novosite\/wp-content\/uploads\/2024\/12\/DSC06019-v2-1-768x670.webp\" class=\"attachment-medium_large size-medium_large wp-image-478\" alt=\"\" srcset=\"https:\/\/www.omegaleather.com.br\/novosite\/wp-content\/uploads\/2024\/12\/DSC06019-v2-1-768x670.webp 768w, https:\/\/www.omegaleather.com.br\/novosite\/wp-content\/uploads\/2024\/12\/DSC06019-v2-1-300x262.webp 300w, https:\/\/www.omegaleather.com.br\/novosite\/wp-content\/uploads\/2024\/12\/DSC06019-v2-1-1024x894.webp 1024w, https:\/\/www.omegaleather.com.br\/novosite\/wp-content\/uploads\/2024\/12\/DSC06019-v2-1-1536x1340.webp 1536w, https:\/\/www.omegaleather.com.br\/novosite\/wp-content\/uploads\/2024\/12\/DSC06019-v2-1.webp 1555w\" sizes=\"(max-width: 768px) 100vw, 768px\" \/><\/div>\n\t\t<\/a>\n\t\t\t\t<div class=\"elementor-post__text\">\n\t\t\t\t<h6 class=\"elementor-post__title\">\n\t\t\t<a href=\"https:\/\/www.omegaleather.com.br\/novosite\/ola-mundo\/\" >\n\t\t\t\tO mercado oferece diferentes tipos de couro\t\t\t<\/a>\n\t\t<\/h6>\n\t\t\t\t<div class=\"elementor-post__excerpt\">\n\t\t\t<p>Uma escolha inteligente para quem busca um produto dur\u00e1vel, confort\u00e1vel e elegante<\/p>\n\t\t<\/div>\n\t\t\t\t\t<div class=\"elementor-post__read-more-wrapper\">\n\t\t\n\t\t<a class=\"elementor-post__read-more\" href=\"https:\/\/www.omegaleather.com.br\/novosite\/ola-mundo\/\" aria-label=\"Read more about O mercado oferece diferentes tipos de couro\" tabindex=\"-1\" >\n\t\t\tLeia mais \u00bb\t\t<\/a>\n\n\t\t\t\t\t<\/div>\n\t\t\t\t<\/div>\n\t\t\t\t<\/article>\n\t\t\t\t<\/div>\n\t\t\n\t\t\t\t\t\t<\/div>\n\t\t\t\t<\/div>\n\t\t\t\t\t<\/div>\n\t\t<\/div>\n\t\t\t\t\t<\/div>\n\t\t<\/section>\n\t\t\t\t<\/div>\n\t\t","protected":false},"excerpt":{"rendered":"<p>Home<\/p>\n","protected":false},"author":1,"featured_media":0,"parent":0,"menu_order":0,"comment_status":"closed","ping_status":"closed","template":"elementor_header_footer","meta":{"footnotes":""},"class_list":["post-2216","page","type-page","status-publish","hentry"],"_links":{"self":[{"href":"https:\/\/www.omegaleather.com.br\/novosite\/wp-json\/wp\/v2\/pages\/2216","targetHints":{"allow":["GET"]}}],"collection":[{"href":"https:\/\/www.omegaleather.com.br\/novosite\/wp-json\/wp\/v2\/pages"}],"about":[{"href":"https:\/\/www.omegaleather.com.br\/novosite\/wp-json\/wp\/v2\/types\/page"}],"author":[{"embeddable":true,"href":"https:\/\/www.omegaleather.com.br\/novosite\/wp-json\/wp\/v2\/users\/1"}],"replies":[{"embeddable":true,"href":"https:\/\/www.omegaleather.com.br\/novosite\/wp-json\/wp\/v2\/comments?post=2216"}],"version-history":[{"count":5,"href":"https:\/\/www.omegaleather.com.br\/novosite\/wp-json\/wp\/v2\/pages\/2216\/revisions"}],"predecessor-version":[{"id":2558,"href":"https:\/\/www.omegaleather.com.br\/novosite\/wp-json\/wp\/v2\/pages\/2216\/revisions\/2558"}],"wp:attachment":[{"href":"https:\/\/www.omegaleather.com.br\/novosite\/wp-json\/wp\/v2\/media?parent=2216"}],"curies":[{"name":"wp","href":"https:\/\/api.w.org\/{rel}","templated":true}]}}