{"id":3118,"date":"2025-02-12T16:21:10","date_gmt":"2025-02-12T19:21:10","guid":{"rendered":"https:\/\/www.omegaleather.com.br\/novosite\/?page_id=3118"},"modified":"2025-03-26T10:19:50","modified_gmt":"2025-03-26T13:19:50","slug":"aeronautico","status":"publish","type":"page","link":"https:\/\/www.omegaleather.com.br\/novosite\/produtos\/aeronautico\/","title":{"rendered":"Aeron\u00e1utico"},"content":{"rendered":"\t\t<div data-elementor-type=\"wp-page\" data-elementor-id=\"3118\" class=\"elementor elementor-3118\" data-elementor-post-type=\"page\">\n\t\t\t\t\t\t<section class=\"elementor-section elementor-top-section elementor-element elementor-element-790176a8 elementor-section-content-middle elementor-section-boxed elementor-section-height-default elementor-section-height-default\" data-id=\"790176a8\" data-element_type=\"section\" data-settings=\"{&quot;background_background&quot;:&quot;classic&quot;}\">\n\t\t\t\t\t\t\t<div class=\"elementor-background-overlay\"><\/div>\n\t\t\t\t\t\t\t<div class=\"elementor-container elementor-column-gap-no\">\n\t\t\t\t\t<div class=\"elementor-column elementor-col-50 elementor-top-column elementor-element elementor-element-4adbbdf2\" data-id=\"4adbbdf2\" data-element_type=\"column\">\n\t\t\t<div class=\"elementor-widget-wrap elementor-element-populated\">\n\t\t\t\t\t\t\t<\/div>\n\t\t<\/div>\n\t\t\t\t<div class=\"elementor-column elementor-col-50 elementor-top-column elementor-element elementor-element-79af2215\" data-id=\"79af2215\" data-element_type=\"column\">\n\t\t\t<div class=\"elementor-widget-wrap elementor-element-populated\">\n\t\t\t\t\t\t<div class=\"elementor-element elementor-element-8f25126 elementor-icon-list--layout-inline elementor-widget__width-auto elementor-list-item-link-full_width elementor-widget elementor-widget-icon-list\" data-id=\"8f25126\" data-element_type=\"widget\" data-widget_type=\"icon-list.default\">\n\t\t\t\t<div class=\"elementor-widget-container\">\n\t\t\t\t\t\t\t<ul class=\"elementor-icon-list-items elementor-inline-items\">\n\t\t\t\t\t\t\t<li class=\"elementor-icon-list-item elementor-inline-item\">\n\t\t\t\t\t\t\t\t\t\t<span class=\"elementor-icon-list-text\">Home<\/span>\n\t\t\t\t\t\t\t\t\t<\/li>\n\t\t\t\t\t\t\t\t<li class=\"elementor-icon-list-item elementor-inline-item\">\n\t\t\t\t\t\t\t\t\t\t\t<span class=\"elementor-icon-list-icon\">\n\t\t\t\t\t\t\t<svg aria-hidden=\"true\" class=\"e-font-icon-svg e-fas-angle-right\" viewBox=\"0 0 256 512\" xmlns=\"http:\/\/www.w3.org\/2000\/svg\"><path d=\"M224.3 273l-136 136c-9.4 9.4-24.6 9.4-33.9 0l-22.6-22.6c-9.4-9.4-9.4-24.6 0-33.9l96.4-96.4-96.4-96.4c-9.4-9.4-9.4-24.6 0-33.9L54.3 103c9.4-9.4 24.6-9.4 33.9 0l136 136c9.5 9.4 9.5 24.6.1 34z\"><\/path><\/svg>\t\t\t\t\t\t<\/span>\n\t\t\t\t\t\t\t\t\t\t<span class=\"elementor-icon-list-text\">Produtos<\/span>\n\t\t\t\t\t\t\t\t\t<\/li>\n\t\t\t\t\t\t\t\t<li class=\"elementor-icon-list-item elementor-inline-item\">\n\t\t\t\t\t\t\t\t\t\t\t<span class=\"elementor-icon-list-icon\">\n\t\t\t\t\t\t\t<svg aria-hidden=\"true\" class=\"e-font-icon-svg e-fas-angle-right\" viewBox=\"0 0 256 512\" xmlns=\"http:\/\/www.w3.org\/2000\/svg\"><path d=\"M224.3 273l-136 136c-9.4 9.4-24.6 9.4-33.9 0l-22.6-22.6c-9.4-9.4-9.4-24.6 0-33.9l96.4-96.4-96.4-96.4c-9.4-9.4-9.4-24.6 0-33.9L54.3 103c9.4-9.4 24.6-9.4 33.9 0l136 136c9.5 9.4 9.5 24.6.1 34z\"><\/path><\/svg>\t\t\t\t\t\t<\/span>\n\t\t\t\t\t\t\t\t\t\t<span class=\"elementor-icon-list-text\"><\/span>\n\t\t\t\t\t\t\t\t\t<\/li>\n\t\t\t\t\t\t<\/ul>\n\t\t\t\t\t\t<\/div>\n\t\t\t\t<\/div>\n\t\t\t\t\t<\/div>\n\t\t<\/div>\n\t\t\t\t\t<\/div>\n\t\t<\/section>\n\t\t\t\t<section class=\"elementor-section elementor-top-section elementor-element elementor-element-73ec763 elementor-section-boxed elementor-section-height-default elementor-section-height-default\" data-id=\"73ec763\" data-element_type=\"section\">\n\t\t\t\t\t\t<div class=\"elementor-container elementor-column-gap-default\">\n\t\t\t\t\t<div class=\"elementor-column elementor-col-100 elementor-top-column elementor-element elementor-element-58ce287\" data-id=\"58ce287\" data-element_type=\"column\">\n\t\t\t<div class=\"elementor-widget-wrap elementor-element-populated\">\n\t\t\t\t\t\t<section class=\"elementor-section elementor-inner-section elementor-element elementor-element-ee59600 elementor-section-boxed elementor-section-height-default elementor-section-height-default\" data-id=\"ee59600\" data-element_type=\"section\">\n\t\t\t\t\t\t<div class=\"elementor-container elementor-column-gap-no\">\n\t\t\t\t\t<div class=\"elementor-column elementor-col-50 elementor-inner-column elementor-element elementor-element-3d97b38\" data-id=\"3d97b38\" data-element_type=\"column\">\n\t\t\t<div class=\"elementor-widget-wrap elementor-element-populated\">\n\t\t\t\t\t\t<div class=\"elementor-element elementor-element-4d738b2 elementor-widget elementor-widget-image\" data-id=\"4d738b2\" data-element_type=\"widget\" data-widget_type=\"image.default\">\n\t\t\t\t<div class=\"elementor-widget-container\">\n\t\t\t\t\t\t\t\t\t\t\t\t\t\t\t<img fetchpriority=\"high\" decoding=\"async\" width=\"768\" height=\"337\" src=\"https:\/\/www.omegaleather.com.br\/novosite\/wp-content\/uploads\/2025\/03\/main-1.jpg\" class=\"attachment-medium_large size-medium_large wp-image-3499\" alt=\"\" srcset=\"https:\/\/www.omegaleather.com.br\/novosite\/wp-content\/uploads\/2025\/03\/main-1.jpg 768w, https:\/\/www.omegaleather.com.br\/novosite\/wp-content\/uploads\/2025\/03\/main-1-300x132.jpg 300w\" sizes=\"(max-width: 768px) 100vw, 768px\" \/>\t\t\t\t\t\t\t\t\t\t\t\t\t\t\t<\/div>\n\t\t\t\t<\/div>\n\t\t\t\t\t<\/div>\n\t\t<\/div>\n\t\t\t\t<div class=\"elementor-column elementor-col-50 elementor-inner-column elementor-element elementor-element-46d4285\" data-id=\"46d4285\" data-element_type=\"column\">\n\t\t\t<div class=\"elementor-widget-wrap elementor-element-populated\">\n\t\t\t\t\t\t<div class=\"elementor-element elementor-element-96a220f elementor-widget__width-initial elementor-drop-cap-yes elementor-drop-cap-view-default elementor-widget elementor-widget-text-editor\" data-id=\"96a220f\" data-element_type=\"widget\" data-settings=\"{&quot;drop_cap&quot;:&quot;yes&quot;}\" data-widget_type=\"text-editor.default\">\n\t\t\t\t<div class=\"elementor-widget-container\">\n\t\t\t\t\t\t\t\t\t<p>Nossa linha de couro aeron\u00e1utica define a refer\u00eancia para seguran\u00e7a e qualidade na ind\u00fastria da avia\u00e7\u00e3o. Meticulosamente criado para atender aos rigorosos padr\u00f5es de inflamabilidade, nossos couros s\u00e3o projetados para garantir a m\u00e1xima seguran\u00e7a sem comprometer o apelo est\u00e9tico. Cada lote passa por testes rigorosos para atender \u00e0s especifica\u00e7\u00f5es exigentes adaptadas aos requisitos do cliente, garantindo que cada pe\u00e7a n\u00e3o apenas atenda, mas exceda os altos padr\u00f5es esperados em aplica\u00e7\u00f5es aeron\u00e1uticas.<\/p>\t\t\t\t\t\t\t\t<\/div>\n\t\t\t\t<\/div>\n\t\t\t\t\t<\/div>\n\t\t<\/div>\n\t\t\t\t\t<\/div>\n\t\t<\/section>\n\t\t\t\t\t<\/div>\n\t\t<\/div>\n\t\t\t\t\t<\/div>\n\t\t<\/section>\n\t\t<div class=\"elementor-element elementor-element-732b5a1 e-flex e-con-boxed e-con e-parent\" data-id=\"732b5a1\" data-element_type=\"container\">\n\t\t\t\t\t<div class=\"e-con-inner\">\n\t\t\t\t<div class=\"elementor-element elementor-element-af38a08 elementor-widget elementor-widget-jkit_gallery\" data-id=\"af38a08\" data-element_type=\"widget\" data-widget_type=\"jkit_gallery.default\">\n\t\t\t\t<div class=\"elementor-widget-container\">\n\t\t\t\t\t<div  class=\"jeg-elementor-kit jkit-gallery layout-overlay jeg_module___69f8853745406\"  data-grid=\"grid\" data-id=\"jeg_module___69f8853745406\" data-per-page=\"50\" data-load-more=\"0\" data-current-loaded=\"2\" data-count-items=\"2\" data-animation-duration=\"500\" data-no-more=\"No More Item\" data-items=\"[&quot;&lt;div class=\\&quot;gallery-item-wrap jkit-gcf-AERON\\u00c1UTICO\\&quot;&gt; &lt;div class=\\&quot;grid-item\\&quot;&gt;&lt;div class=\\&quot;thumbnail-wrap\\&quot;&gt;&lt;img width=\\&quot;800\\&quot; height=\\&quot;800\\&quot; src=\\&quot;https:\\\/\\\/www.omegaleather.com.br\\\/novosite\\\/wp-content\\\/uploads\\\/2025\\\/02\\\/art-aeronautico-cor-vm03-salmao.webp\\&quot; class=\\&quot;attachment-large size-large\\&quot; alt=\\&quot;SALM\\u00c3O VM03\\&quot; url=\\&quot;https:\\\/\\\/www.omegaleather.com.br\\\/novosite\\\/wp-content\\\/uploads\\\/2025\\\/02\\\/art-aeronautico-cor-vm03-salmao.webp\\&quot; source=\\&quot;library\\&quot; srcset=\\&quot;https:\\\/\\\/www.omegaleather.com.br\\\/novosite\\\/wp-content\\\/uploads\\\/2025\\\/02\\\/art-aeronautico-cor-vm03-salmao.webp 1024w, https:\\\/\\\/www.omegaleather.com.br\\\/novosite\\\/wp-content\\\/uploads\\\/2025\\\/02\\\/art-aeronautico-cor-vm03-salmao-300x300.webp 300w, https:\\\/\\\/www.omegaleather.com.br\\\/novosite\\\/wp-content\\\/uploads\\\/2025\\\/02\\\/art-aeronautico-cor-vm03-salmao-150x150.webp 150w, https:\\\/\\\/www.omegaleather.com.br\\\/novosite\\\/wp-content\\\/uploads\\\/2025\\\/02\\\/art-aeronautico-cor-vm03-salmao-768x768.webp 768w\\&quot; sizes=\\&quot;(max-width: 800px) 100vw, 800px\\&quot; \\\/&gt;&lt;\\\/div&gt;&lt;a href=\\&quot;https:\\\/\\\/www.omegaleather.com.br\\\/novosite\\\/wp-content\\\/uploads\\\/2025\\\/02\\\/art-aeronautico-cor-vm03-salmao.webp\\&quot; class=\\&quot;gallery-link\\&quot; data-elementor-open-lightbox=\\&quot;yes\\&quot; data-elementor-lightbox-slideshow=\\&quot;jkit_gallery_lightbox_jeg_module___69f8853745406\\&quot; data-elementor-lightbox-title=\\&quot;SALM\\u00c3O VM03\\&quot;&gt;&lt;div class=\\&quot;caption-wrap style-overlay overlay-slide\\&quot;&gt; &lt;div class=\\&quot;item-hover-bg\\&quot;&gt;&lt;\\\/div&gt; &lt;div class=\\&quot;item-caption-over\\&quot;&gt; &lt;h5 class=\\&quot;item-title\\&quot;&gt;SALM\\u00c3O VM03&lt;\\\/h5&gt; &lt;div class=\\&quot;item-content\\&quot;&gt;&lt;\\\/div&gt; &lt;\\\/div&gt; &lt;div class=\\&quot;caption-head\\&quot;&gt;&lt;\\\/div&gt; &lt;div class=\\&quot;caption-category\\&quot;&gt;&lt;span&gt;AERON\\u00c1UTICO&lt;\\\/span&gt;&lt;\\\/div&gt; &lt;\\\/div&gt;&lt;\\\/a&gt;&lt;\\\/div&gt; &lt;\\\/div&gt;&quot;,&quot;&lt;div class=\\&quot;gallery-item-wrap jkit-gcf-AERON\\u00c1UTICO\\&quot;&gt; &lt;div class=\\&quot;grid-item\\&quot;&gt;&lt;div class=\\&quot;thumbnail-wrap\\&quot;&gt;&lt;img width=\\&quot;800\\&quot; height=\\&quot;800\\&quot; src=\\&quot;https:\\\/\\\/www.omegaleather.com.br\\\/novosite\\\/wp-content\\\/uploads\\\/2025\\\/02\\\/art-aeronautico-cor-a202-azul-aeronautico.webp\\&quot; class=\\&quot;attachment-large size-large\\&quot; alt=\\&quot;AZUL AERON\\u00c1UTICO A202\\&quot; url=\\&quot;https:\\\/\\\/www.omegaleather.com.br\\\/novosite\\\/wp-content\\\/uploads\\\/2025\\\/02\\\/art-aeronautico-cor-a202-azul-aeronautico.webp\\&quot; source=\\&quot;library\\&quot; srcset=\\&quot;https:\\\/\\\/www.omegaleather.com.br\\\/novosite\\\/wp-content\\\/uploads\\\/2025\\\/02\\\/art-aeronautico-cor-a202-azul-aeronautico.webp 1024w, https:\\\/\\\/www.omegaleather.com.br\\\/novosite\\\/wp-content\\\/uploads\\\/2025\\\/02\\\/art-aeronautico-cor-a202-azul-aeronautico-300x300.webp 300w, https:\\\/\\\/www.omegaleather.com.br\\\/novosite\\\/wp-content\\\/uploads\\\/2025\\\/02\\\/art-aeronautico-cor-a202-azul-aeronautico-150x150.webp 150w, https:\\\/\\\/www.omegaleather.com.br\\\/novosite\\\/wp-content\\\/uploads\\\/2025\\\/02\\\/art-aeronautico-cor-a202-azul-aeronautico-768x768.webp 768w\\&quot; sizes=\\&quot;(max-width: 800px) 100vw, 800px\\&quot; \\\/&gt;&lt;\\\/div&gt;&lt;a href=\\&quot;https:\\\/\\\/www.omegaleather.com.br\\\/novosite\\\/wp-content\\\/uploads\\\/2025\\\/02\\\/art-aeronautico-cor-a202-azul-aeronautico.webp\\&quot; class=\\&quot;gallery-link\\&quot; data-elementor-open-lightbox=\\&quot;yes\\&quot; data-elementor-lightbox-slideshow=\\&quot;jkit_gallery_lightbox_jeg_module___69f8853745406\\&quot; data-elementor-lightbox-title=\\&quot;AZUL AERON\\u00c1UTICO A202\\&quot;&gt;&lt;div class=\\&quot;caption-wrap style-overlay overlay-slide\\&quot;&gt; &lt;div class=\\&quot;item-hover-bg\\&quot;&gt;&lt;\\\/div&gt; &lt;div class=\\&quot;item-caption-over\\&quot;&gt; &lt;h5 class=\\&quot;item-title\\&quot;&gt;AZUL AERON\\u00c1UTICO A202&lt;\\\/h5&gt; &lt;div class=\\&quot;item-content\\&quot;&gt;&lt;\\\/div&gt; &lt;\\\/div&gt; &lt;div class=\\&quot;caption-head\\&quot;&gt;&lt;\\\/div&gt; &lt;div class=\\&quot;caption-category\\&quot;&gt;&lt;span&gt;AERON\\u00c1UTICO&lt;\\\/span&gt;&lt;\\\/div&gt; &lt;\\\/div&gt;&lt;\\\/a&gt;&lt;\\\/div&gt; &lt;\\\/div&gt;&quot;]\">\n            <div class=\"gallery-items\"><div class=\"gallery-item-wrap jkit-gcf-AERON\u00c1UTICO\"> <div class=\"grid-item\"><div class=\"thumbnail-wrap\"><img decoding=\"async\" width=\"800\" height=\"800\" src=\"https:\/\/www.omegaleather.com.br\/novosite\/wp-content\/uploads\/2025\/02\/art-aeronautico-cor-vm03-salmao.webp\" class=\"attachment-large size-large\" alt=\"SALM\u00c3O VM03\" url=\"https:\/\/www.omegaleather.com.br\/novosite\/wp-content\/uploads\/2025\/02\/art-aeronautico-cor-vm03-salmao.webp\" source=\"library\" srcset=\"https:\/\/www.omegaleather.com.br\/novosite\/wp-content\/uploads\/2025\/02\/art-aeronautico-cor-vm03-salmao.webp 1024w, https:\/\/www.omegaleather.com.br\/novosite\/wp-content\/uploads\/2025\/02\/art-aeronautico-cor-vm03-salmao-300x300.webp 300w, https:\/\/www.omegaleather.com.br\/novosite\/wp-content\/uploads\/2025\/02\/art-aeronautico-cor-vm03-salmao-150x150.webp 150w, https:\/\/www.omegaleather.com.br\/novosite\/wp-content\/uploads\/2025\/02\/art-aeronautico-cor-vm03-salmao-768x768.webp 768w\" sizes=\"(max-width: 800px) 100vw, 800px\" \/><\/div><a href=\"https:\/\/www.omegaleather.com.br\/novosite\/wp-content\/uploads\/2025\/02\/art-aeronautico-cor-vm03-salmao.webp\" class=\"gallery-link\" data-elementor-open-lightbox=\"yes\" data-elementor-lightbox-slideshow=\"jkit_gallery_lightbox_jeg_module___69f8853745406\" data-elementor-lightbox-title=\"SALM\u00c3O VM03\"><div class=\"caption-wrap style-overlay overlay-slide\"> <div class=\"item-hover-bg\"><\/div> <div class=\"item-caption-over\"> <h5 class=\"item-title\">SALM\u00c3O VM03<\/h5> <div class=\"item-content\"><\/div> <\/div> <div class=\"caption-head\"><\/div> <div class=\"caption-category\"><span>AERON\u00c1UTICO<\/span><\/div> <\/div><\/a><\/div> <\/div><div class=\"gallery-item-wrap jkit-gcf-AERON\u00c1UTICO\"> <div class=\"grid-item\"><div class=\"thumbnail-wrap\"><img decoding=\"async\" width=\"800\" height=\"800\" src=\"https:\/\/www.omegaleather.com.br\/novosite\/wp-content\/uploads\/2025\/02\/art-aeronautico-cor-a202-azul-aeronautico.webp\" class=\"attachment-large size-large\" alt=\"AZUL AERON\u00c1UTICO A202\" url=\"https:\/\/www.omegaleather.com.br\/novosite\/wp-content\/uploads\/2025\/02\/art-aeronautico-cor-a202-azul-aeronautico.webp\" source=\"library\" srcset=\"https:\/\/www.omegaleather.com.br\/novosite\/wp-content\/uploads\/2025\/02\/art-aeronautico-cor-a202-azul-aeronautico.webp 1024w, https:\/\/www.omegaleather.com.br\/novosite\/wp-content\/uploads\/2025\/02\/art-aeronautico-cor-a202-azul-aeronautico-300x300.webp 300w, https:\/\/www.omegaleather.com.br\/novosite\/wp-content\/uploads\/2025\/02\/art-aeronautico-cor-a202-azul-aeronautico-150x150.webp 150w, https:\/\/www.omegaleather.com.br\/novosite\/wp-content\/uploads\/2025\/02\/art-aeronautico-cor-a202-azul-aeronautico-768x768.webp 768w\" sizes=\"(max-width: 800px) 100vw, 800px\" \/><\/div><a href=\"https:\/\/www.omegaleather.com.br\/novosite\/wp-content\/uploads\/2025\/02\/art-aeronautico-cor-a202-azul-aeronautico.webp\" class=\"gallery-link\" data-elementor-open-lightbox=\"yes\" data-elementor-lightbox-slideshow=\"jkit_gallery_lightbox_jeg_module___69f8853745406\" data-elementor-lightbox-title=\"AZUL AERON\u00c1UTICO A202\"><div class=\"caption-wrap style-overlay overlay-slide\"> <div class=\"item-hover-bg\"><\/div> <div class=\"item-caption-over\"> <h5 class=\"item-title\">AZUL AERON\u00c1UTICO A202<\/h5> <div class=\"item-content\"><\/div> <\/div> <div class=\"caption-head\"><\/div> <div class=\"caption-category\"><span>AERON\u00c1UTICO<\/span><\/div> <\/div><\/a><\/div> <\/div><\/div>\n            <div class=\"load-more-items\"><\/div><\/div>\t\t\t\t<\/div>\n\t\t\t\t<\/div>\n\t\t\t\t\t<\/div>\n\t\t\t\t<\/div>\n\t\t\t\t<\/div>\n\t\t","protected":false},"excerpt":{"rendered":"<p>Home Produtos Nossa linha de couro aeron\u00e1utica define a refer\u00eancia para seguran\u00e7a e qualidade na ind\u00fastria da avia\u00e7\u00e3o. Meticulosamente criado para atender aos rigorosos padr\u00f5es de inflamabilidade, nossos couros s\u00e3o projetados para garantir a m\u00e1xima seguran\u00e7a sem comprometer o apelo est\u00e9tico. Cada lote passa por testes rigorosos para atender \u00e0s especifica\u00e7\u00f5es exigentes adaptadas aos requisitos [&hellip;]<\/p>\n","protected":false},"author":1,"featured_media":0,"parent":2161,"menu_order":0,"comment_status":"closed","ping_status":"closed","template":"elementor_header_footer","meta":{"footnotes":""},"class_list":["post-3118","page","type-page","status-publish","hentry"],"_links":{"self":[{"href":"https:\/\/www.omegaleather.com.br\/novosite\/wp-json\/wp\/v2\/pages\/3118","targetHints":{"allow":["GET"]}}],"collection":[{"href":"https:\/\/www.omegaleather.com.br\/novosite\/wp-json\/wp\/v2\/pages"}],"about":[{"href":"https:\/\/www.omegaleather.com.br\/novosite\/wp-json\/wp\/v2\/types\/page"}],"author":[{"embeddable":true,"href":"https:\/\/www.omegaleather.com.br\/novosite\/wp-json\/wp\/v2\/users\/1"}],"replies":[{"embeddable":true,"href":"https:\/\/www.omegaleather.com.br\/novosite\/wp-json\/wp\/v2\/comments?post=3118"}],"version-history":[{"count":10,"href":"https:\/\/www.omegaleather.com.br\/novosite\/wp-json\/wp\/v2\/pages\/3118\/revisions"}],"predecessor-version":[{"id":3505,"href":"https:\/\/www.omegaleather.com.br\/novosite\/wp-json\/wp\/v2\/pages\/3118\/revisions\/3505"}],"up":[{"embeddable":true,"href":"https:\/\/www.omegaleather.com.br\/novosite\/wp-json\/wp\/v2\/pages\/2161"}],"wp:attachment":[{"href":"https:\/\/www.omegaleather.com.br\/novosite\/wp-json\/wp\/v2\/media?parent=3118"}],"curies":[{"name":"wp","href":"https:\/\/api.w.org\/{rel}","templated":true}]}}